{"id":2305,"date":"2020-01-16T11:44:27","date_gmt":"2020-01-16T10:44:27","guid":{"rendered":"https:\/\/esysco.pl\/?page_id=2305"},"modified":"2020-11-02T15:32:10","modified_gmt":"2020-11-02T14:32:10","slug":"gtc-cookies","status":"publish","type":"page","link":"https:\/\/esysco.pl\/en\/gtc-cookies\/","title":{"rendered":"gtc-cookies"},"content":{"rendered":"<div class=\"fusion-fullwidth fullwidth-box fusion-builder-row-1 nonhundred-percent-fullwidth non-hundred-percent-height-scrolling\" style=\"--awb-border-radius-top-left:0px;--awb-border-radius-top-right:0px;--awb-border-radius-bottom-right:0px;--awb-border-radius-bottom-left:0px;--awb-flex-wrap:wrap;\" ><div class=\"fusion-builder-row fusion-row\"><div class=\"fusion-layout-column fusion_builder_column fusion-builder-column-0 fusion_builder_column_1_2 1_2 fusion-one-half fusion-column-first\" style=\"--awb-bg-size:cover;width:50%;width:calc(50% - ( ( 4% ) * 0.5 ) );margin-right: 4%;\"><div class=\"fusion-column-wrapper fusion-column-has-shadow fusion-flex-column-wrapper-legacy\"><div class=\"fusion-text fusion-text-1\"><h1>Cookies Policy<\/h1>\n<p><strong>What Are Cookies<\/strong><\/p>\n<p>This Website uses cookies, as the majority of Websites does. Cookies are tiny files that are saved on your computer or mobile in order to improve your experience.<\/p>\n<p>For more information about cookies please see the Wikipedia article on HTTP Cookies.<\/p>\n<p><strong>How We Use Cookies<\/strong><\/p>\n<p>We use cookies for a variety of reasons, for example: data forms, site preferences, preferred language, your agreement (or not) to our use of cookies on this Website, Google Analitics etc.<\/p>\n<p><strong>Disabling Cookies<\/strong><\/p>\n<p>You can prevent the setting of cookies by adjusting the settings on your browser (see your browser Help for how to do this). Disabling cookies will affect the functionality of this and many other websites that you visit. It may also result in disabling certain functionalities and features of this site. Therefore, it is not recommended that you disable cookies.<\/p>\n<p><strong>More Information<\/strong><\/p>\n<p>If you need more information, you can contact us through e-mail: <a href=\"mailto:connect@esysco.pl\">connect@esysco.pl<\/a><\/p>\n<\/div><div class=\"fusion-clearfix\"><\/div><\/div><\/div><div class=\"fusion-layout-column fusion_builder_column fusion-builder-column-1 fusion_builder_column_1_2 1_2 fusion-one-half fusion-column-last\" style=\"--awb-bg-size:cover;width:50%;width:calc(50% - ( ( 4% ) * 0.5 ) );\"><div class=\"fusion-column-wrapper fusion-column-has-shadow fusion-flex-column-wrapper-legacy\"><div class=\"fusion-text fusion-text-2\"><h1>Pliki Cookies<\/h1>\n<p><strong>Czym s\u0105 pliki cookies<\/strong><\/p>\n<p>Ta strona korzysta z plik\u00f3w cookies, tak jak wi\u0119kszo\u015b\u0107 witryn internetowych. Pliki cookies to ma\u0142e pliki, kt\u00f3re s\u0105 zapisywane na Twoim komputerze lub telefonie kom\u00f3rkowym. Daje to mo\u017cliwo\u015b\u0107 p\u00f3\u017aniejszego ulepszania struktury i zawarto\u015bci na stronie.<\/p>\n<p>Wi\u0119cej informacji na temat plik\u00f3w cookies mo\u017cna znale\u017a\u0107 w artykule Wikipedii dotycz\u0105cym plik\u00f3w Cookies HTTP.<\/p>\n<p><strong>Jak u\u017cywamy plik\u00f3w Cookies<\/strong><\/p>\n<p>U\u017cywamy plik\u00f3w cookies z r\u00f3\u017cnych powod\u00f3w, na przyk\u0142ad: formularze danych, preferencje witryny, preferowany j\u0119zyk, Twoja zgoda (lub nie) na u\u017cywanie przez nas plik\u00f3w cookies w tej Witrynie, Google Analitics itp.<\/p>\n<p><strong>Wy\u0142\u0105czanie Cookies<\/strong><\/p>\n<p>Mo\u017cesz zapobiec ustawianiu plik\u00f3w cookie, dostosowuj\u0105c ustawienia w swojej przegl\u0105darce (zobacz w ustawieniach przegl\u0105darki, jak to zrobi\u0107). Wy\u0142\u0105czenie plik\u00f3w cookies wp\u0142ynie na funkcjonalno\u015b\u0107 tej i wielu innych odwiedzanych witryn internetowych. Mo\u017ce to r\u00f3wnie\u017c spowodowa\u0107 wy\u0142\u0105czenie niekt\u00f3rych funkcjonalno\u015bci i funkcji tej strony. Dlatego nie zaleca si\u0119 wy\u0142\u0105czania plik\u00f3w cookies.<\/p>\n<p><strong>Wi\u0119cej informacji<\/strong><\/p>\n<p>Je\u015bli potrzebujesz wi\u0119cej informacji, mo\u017cesz skontaktowa\u0107 si\u0119 z nami przez e-mail: <a href=\"mailto:connect@esysco.pl\">connect@esysco.pl<\/a><\/p>\n<\/div><div class=\"fusion-clearfix\"><\/div><\/div><\/div><\/div><\/div>\n","protected":false},"excerpt":{"rendered":"","protected":false},"author":1,"featured_media":0,"parent":0,"menu_order":0,"comment_status":"closed","ping_status":"closed","template":"100-width.php","meta":{"inline_featured_image":false,"footnotes":""},"class_list":["post-2305","page","type-page","status-publish","hentry"],"yoast_head":"<!-- This site is optimized with the Yoast SEO plugin v26.7 - https:\/\/yoast.com\/wordpress\/plugins\/seo\/ -->\n<title>gtc-cookies - ESYSCO<\/title>\n<meta name=\"robots\" content=\"index, nofollow, max-snippet:-1, max-image-preview:large, max-video-preview:-1\" \/>\n<link rel=\"canonical\" href=\"https:\/\/esysco.pl\/en\/gtc-cookies\/\" \/>\n<meta property=\"og:locale\" content=\"en_US\" \/>\n<meta property=\"og:type\" content=\"article\" \/>\n<meta property=\"og:title\" content=\"gtc-cookies - ESYSCO\" \/>\n<meta property=\"og:url\" content=\"https:\/\/esysco.pl\/en\/gtc-cookies\/\" \/>\n<meta property=\"og:site_name\" content=\"ESYSCO\" \/>\n<meta property=\"article:modified_time\" content=\"2020-11-02T14:32:10+00:00\" \/>\n<meta name=\"twitter:card\" content=\"summary_large_image\" \/>\n<meta name=\"twitter:label1\" content=\"Est. reading time\" \/>\n\t<meta name=\"twitter:data1\" content=\"5 minutes\" \/>\n<script type=\"application\/ld+json\" class=\"yoast-schema-graph\">{\"@context\":\"https:\/\/schema.org\",\"@graph\":[{\"@type\":\"WebPage\",\"@id\":\"https:\/\/esysco.pl\/en\/gtc-cookies\/\",\"url\":\"https:\/\/esysco.pl\/en\/gtc-cookies\/\",\"name\":\"gtc-cookies - ESYSCO\",\"isPartOf\":{\"@id\":\"https:\/\/esysco.pl\/en\/#website\"},\"datePublished\":\"2020-01-16T10:44:27+00:00\",\"dateModified\":\"2020-11-02T14:32:10+00:00\",\"breadcrumb\":{\"@id\":\"https:\/\/esysco.pl\/en\/gtc-cookies\/#breadcrumb\"},\"inLanguage\":\"en-US\",\"potentialAction\":[{\"@type\":\"ReadAction\",\"target\":[\"https:\/\/esysco.pl\/en\/gtc-cookies\/\"]}]},{\"@type\":\"BreadcrumbList\",\"@id\":\"https:\/\/esysco.pl\/en\/gtc-cookies\/#breadcrumb\",\"itemListElement\":[{\"@type\":\"ListItem\",\"position\":1,\"name\":\"Home\",\"item\":\"https:\/\/esysco.pl\/en\/\"},{\"@type\":\"ListItem\",\"position\":2,\"name\":\"gtc-cookies\"}]},{\"@type\":\"WebSite\",\"@id\":\"https:\/\/esysco.pl\/en\/#website\",\"url\":\"https:\/\/esysco.pl\/en\/\",\"name\":\"ESYSCO\",\"description\":\"Solutions for Trusted Services\",\"potentialAction\":[{\"@type\":\"SearchAction\",\"target\":{\"@type\":\"EntryPoint\",\"urlTemplate\":\"https:\/\/esysco.pl\/en\/?s={search_term_string}\"},\"query-input\":{\"@type\":\"PropertyValueSpecification\",\"valueRequired\":true,\"valueName\":\"search_term_string\"}}],\"inLanguage\":\"en-US\"}]}<\/script>\n<!-- \/ Yoast SEO plugin. -->","yoast_head_json":{"title":"gtc-cookies - ESYSCO","robots":{"index":"index","follow":"nofollow","max-snippet":"max-snippet:-1","max-image-preview":"max-image-preview:large","max-video-preview":"max-video-preview:-1"},"canonical":"https:\/\/esysco.pl\/en\/gtc-cookies\/","og_locale":"en_US","og_type":"article","og_title":"gtc-cookies - ESYSCO","og_url":"https:\/\/esysco.pl\/en\/gtc-cookies\/","og_site_name":"ESYSCO","article_modified_time":"2020-11-02T14:32:10+00:00","twitter_card":"summary_large_image","twitter_misc":{"Est. reading time":"5 minutes"},"schema":{"@context":"https:\/\/schema.org","@graph":[{"@type":"WebPage","@id":"https:\/\/esysco.pl\/en\/gtc-cookies\/","url":"https:\/\/esysco.pl\/en\/gtc-cookies\/","name":"gtc-cookies - ESYSCO","isPartOf":{"@id":"https:\/\/esysco.pl\/en\/#website"},"datePublished":"2020-01-16T10:44:27+00:00","dateModified":"2020-11-02T14:32:10+00:00","breadcrumb":{"@id":"https:\/\/esysco.pl\/en\/gtc-cookies\/#breadcrumb"},"inLanguage":"en-US","potentialAction":[{"@type":"ReadAction","target":["https:\/\/esysco.pl\/en\/gtc-cookies\/"]}]},{"@type":"BreadcrumbList","@id":"https:\/\/esysco.pl\/en\/gtc-cookies\/#breadcrumb","itemListElement":[{"@type":"ListItem","position":1,"name":"Home","item":"https:\/\/esysco.pl\/en\/"},{"@type":"ListItem","position":2,"name":"gtc-cookies"}]},{"@type":"WebSite","@id":"https:\/\/esysco.pl\/en\/#website","url":"https:\/\/esysco.pl\/en\/","name":"ESYSCO","description":"Solutions for Trusted Services","potentialAction":[{"@type":"SearchAction","target":{"@type":"EntryPoint","urlTemplate":"https:\/\/esysco.pl\/en\/?s={search_term_string}"},"query-input":{"@type":"PropertyValueSpecification","valueRequired":true,"valueName":"search_term_string"}}],"inLanguage":"en-US"}]}},"_links":{"self":[{"href":"https:\/\/esysco.pl\/en\/wp-json\/wp\/v2\/pages\/2305","targetHints":{"allow":["GET"]}}],"collection":[{"href":"https:\/\/esysco.pl\/en\/wp-json\/wp\/v2\/pages"}],"about":[{"href":"https:\/\/esysco.pl\/en\/wp-json\/wp\/v2\/types\/page"}],"author":[{"embeddable":true,"href":"https:\/\/esysco.pl\/en\/wp-json\/wp\/v2\/users\/1"}],"replies":[{"embeddable":true,"href":"https:\/\/esysco.pl\/en\/wp-json\/wp\/v2\/comments?post=2305"}],"version-history":[{"count":11,"href":"https:\/\/esysco.pl\/en\/wp-json\/wp\/v2\/pages\/2305\/revisions"}],"predecessor-version":[{"id":6033,"href":"https:\/\/esysco.pl\/en\/wp-json\/wp\/v2\/pages\/2305\/revisions\/6033"}],"wp:attachment":[{"href":"https:\/\/esysco.pl\/en\/wp-json\/wp\/v2\/media?parent=2305"}],"curies":[{"name":"wp","href":"https:\/\/api.w.org\/{rel}","templated":true}]}}