{"id":5361,"date":"2020-08-10T21:07:41","date_gmt":"2020-08-10T19:07:41","guid":{"rendered":"https:\/\/esysco.pl\/?page_id=5361"},"modified":"2021-06-25T10:01:12","modified_gmt":"2021-06-25T08:01:12","slug":"kontakt","status":"publish","type":"page","link":"https:\/\/esysco.pl\/pl\/kontakt\/","title":{"rendered":"KONTAKT"},"content":{"rendered":"<p><div class=\"fusion-fullwidth fullwidth-box fusion-builder-row-1 nonhundred-percent-fullwidth non-hundred-percent-height-scrolling\" style=\"--awb-background-position:left top;--awb-border-sizes-top:0px;--awb-border-sizes-bottom:0px;--awb-border-sizes-left:0px;--awb-border-sizes-right:0px;--awb-border-radius-top-left:0px;--awb-border-radius-top-right:0px;--awb-border-radius-bottom-right:0px;--awb-border-radius-bottom-left:0px;--awb-padding-top:130px;--awb-padding-bottom:110px;--awb-background-color:#ffffff;--awb-flex-wrap:wrap;\" id=\"contact\" ><div class=\"fusion-builder-row fusion-row\"><div class=\"fusion-layout-column fusion_builder_column fusion-builder-column-0 fusion_builder_column_1_2 1_2 fusion-one-half fusion-column-first\" style=\"--awb-bg-size:cover;width:50%;width:calc(50% - ( ( 4% ) * 0.5 ) );margin-right: 4%;\"><div class=\"fusion-column-wrapper fusion-column-has-shadow fusion-flex-column-wrapper-legacy\"><div class=\"fusion-text fusion-text-1\"><p style=\"font-size: 35px; letter-spacing: 0px; font-weight: 600; font-family: Montserrat; line-height: 1.1;\">Jeste\u015b zainteresowany naszymi us\u0142ugami? Masz pytania lub chcia\u0142by\u015b um\u00f3wi\u0107 si\u0119 na bezp\u0142atne DEMO? Skontaktuj si\u0119 z nami ju\u017c dzi\u015b! Napisz, zadzwo\u0144 lub wype\u0142nij formularz.<\/p>\n<\/div><div class=\"fusion-content-boxes content-boxes columns row fusion-columns-1 fusion-columns-total-4 fusion-content-boxes-1 content-boxes-icon-on-side content-left\" style=\"--awb-backgroundcolor:#ffffff;--awb-body-color:#000000;--awb-title-color:#000000;--awb-iconcolor:#ffffff;--awb-margin-top:50px;--awb-hover-accent-color:#2176ff;--awb-circle-hover-accent-color:#2176ff;--awb-item-margin-bottom:40px;\" data-animationOffset=\"top-mid-of-view\"><div style=\"--awb-backgroundcolor:#ffffff;--awb-iconcolor:#ffffff;--awb-content-padding-left:58px;\" class=\"fusion-column content-box-column content-box-column content-box-column-1 col-lg-12 col-md-12 col-sm-12 fusion-content-box-hover content-box-column-last-in-row\"><div class=\"col content-box-wrapper content-wrapper-background link-area-box link-type-text icon-hover-animation-none\" data-link=\"tel:+48616460047\" data-link-target=\"_self\" data-animationOffset=\"top-mid-of-view\"><div class=\"heading heading-with-icon icon-left\"><a class=\"heading-link\" href=\"tel:+48616460047\" target=\"_self\"><div class=\"icon\"><i style=\"border-color:#ffffff;border-width:1px;background-color:#2176ff;box-sizing:content-box;height:36px;width:36px;line-height:36px;border-radius:50%;font-size:18px;\" aria-hidden=\"true\" class=\"fontawesome-icon fa-phone fas circle-yes\"><\/i><\/div><h5 class=\"content-box-heading fusion-responsive-typography-calculated\" style=\"--h5_typography-font-size:18px;--fontSize:18;line-height:1.5;padding-left:58px;\">+48 61 646 00 47<\/h5><\/a><\/div><\/div><\/div><div style=\"--awb-backgroundcolor:#ffffff;--awb-iconcolor:#ffffff;--awb-content-padding-left:58px;\" class=\"fusion-column content-box-column content-box-column content-box-column-2 col-lg-12 col-md-12 col-sm-12 fusion-content-box-hover content-box-column-last-in-row\"><div class=\"col content-box-wrapper content-wrapper-background link-area-box link-type-text icon-hover-animation-none\" data-link=\"https:\/\/goo.gl\/maps\/qpr8HHSWAT3zNkGy7\" data-link-target=\"_blank\" data-animationOffset=\"top-mid-of-view\"><div class=\"heading heading-with-icon icon-left\"><a class=\"heading-link\" href=\"https:\/\/goo.gl\/maps\/qpr8HHSWAT3zNkGy7\" target=\"_blank\" rel=\"noopener noreferrer\"><div class=\"icon\"><i style=\"border-color:#ffffff;border-width:1px;background-color:#2176ff;box-sizing:content-box;height:36px;width:36px;line-height:36px;border-radius:50%;font-size:18px;\" aria-hidden=\"true\" class=\"fontawesome-icon fa-building far circle-yes\"><\/i><\/div><h5 class=\"content-box-heading fusion-responsive-typography-calculated\" style=\"--h5_typography-font-size:18px;--fontSize:18;line-height:1.5;padding-left:58px;\">Pozna\u0144, Warszawa, Berlin<\/h5><\/a><\/div><\/div><\/div><div style=\"--awb-backgroundcolor:#ffffff;--awb-iconcolor:#ffffff;--awb-content-padding-left:58px;\" class=\"fusion-column content-box-column content-box-column content-box-column-3 col-lg-12 col-md-12 col-sm-12 fusion-content-box-hover content-box-column-last-in-row\"><div class=\"col content-box-wrapper content-wrapper-background link-area-box link-type-text icon-hover-animation-none\" data-link=\"mailto:connect@esysco.pl\" data-link-target=\"_self\" data-animationOffset=\"top-mid-of-view\"><div class=\"heading heading-with-icon icon-left\"><a class=\"heading-link\" href=\"mailto:connect@esysco.pl\" target=\"_self\"><div class=\"icon\"><i style=\"border-color:#ffffff;border-width:1px;background-color:#2176ff;box-sizing:content-box;height:36px;width:36px;line-height:36px;border-radius:50%;font-size:18px;\" aria-hidden=\"true\" class=\"fontawesome-icon fa-paper-plane fas circle-yes\"><\/i><\/div><h5 class=\"content-box-heading fusion-responsive-typography-calculated\" style=\"--h5_typography-font-size:18px;--fontSize:18;line-height:1.5;padding-left:58px;\">connect@esysco.pl<\/h5><\/a><\/div><\/div><\/div><div style=\"--awb-backgroundcolor:#ffffff;--awb-iconcolor:#ffffff;--awb-content-padding-left:58px;\" class=\"fusion-column content-box-column content-box-column content-box-column-4 col-lg-12 col-md-12 col-sm-12 fusion-content-box-hover content-box-column-last content-box-column-last-in-row\"><div class=\"col content-box-wrapper content-wrapper-background link-area-box link-type-text icon-hover-animation-none\" data-link=\"https:\/\/www.linkedin.com\/company\/esysco\/\" data-link-target=\"_blank\" data-animationOffset=\"top-mid-of-view\"><div class=\"heading heading-with-icon icon-left\"><a class=\"heading-link\" href=\"https:\/\/www.linkedin.com\/company\/esysco\/\" target=\"_blank\" rel=\"noopener noreferrer\"><div class=\"icon\"><i style=\"border-color:#ffffff;border-width:1px;background-color:#2176ff;box-sizing:content-box;height:36px;width:36px;line-height:36px;border-radius:50%;font-size:18px;\" aria-hidden=\"true\" class=\"fontawesome-icon fa-linkedin-in fab circle-yes\"><\/i><\/div><h5 class=\"content-box-heading fusion-responsive-typography-calculated\" style=\"--h5_typography-font-size:18px;--fontSize:18;line-height:1.5;padding-left:58px;\">LinkedIn<\/h5><\/a><\/div><\/div><\/div><div class=\"fusion-clearfix\"><\/div><\/div><div class=\"fusion-text fusion-text-2\"><p style=\"font-size: 12px; line-height: 16px; margin-top: -50px;\">ESYSCO zobowi\u0105zuje si\u0119 chroni\u0107 i szanowa\u0107 Twoj\u0105 prywatno\u015b\u0107- b\u0119dziemy u\u017cywa\u0107 Twoich danych osobowych jedynie do administracji Twojego konta i zapewnienia produkt\u00f3w i us\u0142ug, kt\u00f3re u nas zam\u00f3wi\u0142e\u015b. Od czasu do czasu chcieliby\u015bmy skontaktowa\u0107 si\u0119 z Tob\u0105, by porozmawia\u0107 o naszych produktach i us\u0142ugach, kt\u00f3re mog\u0105 Ci\u0119 zainteresowa\u0107. Mo\u017cesz w ka\u017cdej chwili zrezygnowa\u0107 z subskrypcji. W celu uzyskania informacji dotycz\u0105cych rezygnacji z subskrypcji, naszej polityki prywatno\u015bci oraz tego, jak zobowi\u0105zujemy si\u0119 do ochrony i szanowania Twojej prywatno\u015bci, zapoznaj si\u0119 z nasz\u0105 Polityk\u0105 Prywatno\u015bci.<\/p>\n<\/div><div class=\"fusion-clearfix\"><\/div><\/div><\/div><div class=\"fusion-layout-column fusion_builder_column fusion-builder-column-1 fusion_builder_column_1_2 1_2 fusion-one-half fusion-column-last\" style=\"--awb-padding-right:10%;--awb-padding-left:10%;--awb-bg-color:#ffffff;--awb-bg-color-hover:#ffffff;--awb-bg-size:cover;width:50%;width:calc(50% - ( ( 4% ) * 0.5 ) );\"><div class=\"fusion-column-wrapper fusion-column-has-shadow fusion-flex-column-wrapper-legacy\">[contact-form-7 id=&#8221;5515&#8243; \/]<div class=\"fusion-clearfix\"><\/div><\/div><\/div><\/div><\/div><div class=\"fusion-fullwidth fullwidth-box fusion-builder-row-2 nonhundred-percent-fullwidth non-hundred-percent-height-scrolling fusion-equal-height-columns nttn\" style=\"--awb-border-sizes-top:0px;--awb-border-sizes-bottom:0px;--awb-border-sizes-left:0px;--awb-border-sizes-right:0px;--awb-border-radius-top-left:0px;--awb-border-radius-top-right:0px;--awb-border-radius-bottom-right:0px;--awb-border-radius-bottom-left:0px;--awb-padding-top:80px;--awb-padding-right:80px;--awb-background-color:#2176ff;--awb-flex-wrap:wrap;\" id=\"needtotalk\" ><div class=\"fusion-builder-row fusion-row\"><div class=\"fusion-layout-column fusion_builder_column fusion-builder-column-2 fusion_builder_column_1_1 1_1 fusion-one-full fusion-column-first fusion-column-last\" style=\"--awb-padding-bottom:100px;--awb-padding-left:17px;--awb-bg-size:cover;\"><div class=\"fusion-column-wrapper fusion-column-has-shadow fusion-flex-column-wrapper-legacy\"><div class=\"fusion-image-element fusion-image-align-left in-legacy-container\" style=\"text-align:left;--awb-max-width:260px;--awb-caption-title-font-family:var(--h2_typography-font-family);--awb-caption-title-font-weight:var(--h2_typography-font-weight);--awb-caption-title-font-style:var(--h2_typography-font-style);--awb-caption-title-size:var(--h2_typography-font-size);--awb-caption-title-transform:var(--h2_typography-text-transform);--awb-caption-title-line-height:var(--h2_typography-line-height);--awb-caption-title-letter-spacing:var(--h2_typography-letter-spacing);\"><span class=\" fusion-imageframe imageframe-none imageframe-1 hover-type-none\" style=\"margin-right:25px;float:left;\"><img decoding=\"async\" width=\"300\" height=\"103\" title=\"EsyscoLogo_w\" src=\"https:\/\/edjsgjovgxm.exactdn.com\/wp-content\/uploads\/EsyscoLogo_w-300x103.png?strip=all\" alt class=\"img-responsive wp-image-2302\" srcset=\"https:\/\/edjsgjovgxm.exactdn.com\/wp-content\/uploads\/EsyscoLogo_w-200x69.png?strip=all 200w, https:\/\/edjsgjovgxm.exactdn.com\/wp-content\/uploads\/EsyscoLogo_w-400x138.png?strip=all 400w, https:\/\/edjsgjovgxm.exactdn.com\/wp-content\/uploads\/EsyscoLogo_w.png?strip=all 595w, https:\/\/edjsgjovgxm.exactdn.com\/wp-content\/uploads\/EsyscoLogo_w.png?strip=all&amp;w=119 119w, https:\/\/edjsgjovgxm.exactdn.com\/wp-content\/uploads\/EsyscoLogo_w.png?strip=all&amp;w=476 476w\" sizes=\"(max-width: 960px) 100vw, 300px\" \/><\/span><\/div><div class=\"fusion-clearfix\"><\/div><\/div><\/div><div class=\"fusion-layout-column fusion_builder_column fusion-builder-column-3 fusion_builder_column_1_3 1_3 fusion-one-third fusion-column-first\" style=\"--awb-padding-left:30px;--awb-bg-size:cover;width:33.333333333333%;width:calc(33.333333333333% - ( ( 4% ) * 0.33333333333333 ) );margin-right: 4%;\"><div class=\"fusion-column-wrapper fusion-column-has-shadow fusion-flex-column-wrapper-legacy\"><div class=\"fusion-title title fusion-title-1 fusion-sep-none fusion-title-text fusion-title-size-one\" style=\"--awb-text-color:#ffffff;--awb-margin-top:47px;--awb-margin-bottom:0px;--awb-font-size:35px;\"><h1 class=\"fusion-title-heading title-heading-left fusion-responsive-typography-calculated\" style=\"font-family:&quot;Montserrat&quot;;font-style:normal;font-weight:800;margin:0;font-size:1em;--fontSize:35;line-height:1.1;\">Skontaktuj si\u0119 z nami!<\/h1><\/div><div class=\"fusion-text fusion-text-3\"><div style=\"font-family: 'Montserrat'; font-size: 17px; line-height: 17px; color: white; font-weight: 500; margin-top: 12px;\">Masz pomys\u0142, kt\u00f3ry mo\u017cemy pom\u00f3c Ci zrealizowa\u0107?<\/div>\n<\/div><div class=\"fusion-clearfix\"><\/div><\/div><\/div><div class=\"fusion-layout-column fusion_builder_column fusion-builder-column-4 fusion_builder_column_2_3 2_3 fusion-two-third fusion-column-last iconsfooter\" style=\"--awb-bg-size:cover;width:66.666666666667%;width:calc(66.666666666667% - ( ( 4% ) * 0.66666666666667 ) );\"><div class=\"fusion-column-wrapper fusion-column-has-shadow fusion-flex-column-wrapper-legacy\"><div class=\"fusion-content-boxes content-boxes columns row fusion-columns-4 fusion-columns-total-4 fusion-content-boxes-2 content-boxes-icon-on-top content-left\" style=\"--awb-title-color:#ffffff;--awb-iconcolor:#2176ff;--awb-hover-accent-color:#ffffff;--awb-circle-hover-accent-color:#ffffff;\" data-animationOffset=\"top-mid-of-view\"><div style=\"--awb-backgroundcolor:rgba(255,255,255,0);--awb-iconcolor:#2176ff;\" class=\"fusion-column content-box-column content-box-column content-box-column-1 col-lg-3 col-md-3 col-sm-3 fusion-content-box-hover content-box-column-first-in-row\"><div class=\"col content-box-wrapper content-wrapper link-area-box link-type-text icon-hover-animation-pulsate\" data-link=\"tel:+48616460047\" data-link-target=\"_self\" data-animationOffset=\"top-mid-of-view\"><div class=\"heading heading-with-icon icon-left\"><a class=\"heading-link\" href=\"tel:+48616460047\" target=\"_self\"><div class=\"icon\"><i style=\"border-color:#ffffff;border-width:1px;background-color:#ffffff;box-sizing:content-box;height:76px;width:76px;line-height:76px;border-radius:50%;font-size:38px;\" aria-hidden=\"true\" class=\"fontawesome-icon fa-phone fas circle-yes\"><\/i><\/div><h2 class=\"content-box-heading fusion-responsive-typography-calculated\" style=\"--h2_typography-font-size:20px;--fontSize:20;line-height:1.3;\">+48 61 646 00 47<\/h2><\/a><\/div><\/div><\/div><div style=\"--awb-backgroundcolor:rgba(255,255,255,0);--awb-iconcolor:#2176ff;\" class=\"fusion-column content-box-column content-box-column content-box-column-2 col-lg-3 col-md-3 col-sm-3 fusion-content-box-hover \"><div class=\"col content-box-wrapper content-wrapper link-area-box link-type-text icon-hover-animation-pulsate\" data-link=\"https:\/\/goo.gl\/maps\/qpr8HHSWAT3zNkGy7\" data-link-target=\"_blank\" data-animationOffset=\"top-mid-of-view\"><div class=\"heading heading-with-icon icon-left\"><a class=\"heading-link\" href=\"https:\/\/goo.gl\/maps\/qpr8HHSWAT3zNkGy7\" target=\"_blank\" rel=\"noopener noreferrer\"><div class=\"icon\"><i style=\"border-color:#ffffff;border-width:1px;background-color:#ffffff;box-sizing:content-box;height:76px;width:76px;line-height:76px;border-radius:50%;font-size:38px;\" aria-hidden=\"true\" class=\"fontawesome-icon fa-building far circle-yes\"><\/i><\/div><h2 class=\"content-box-heading fusion-responsive-typography-calculated\" style=\"--h2_typography-font-size:20px;--fontSize:20;line-height:1.3;\">Poznan, Warsaw, Berlin<\/h2><\/a><\/div><\/div><\/div><div style=\"--awb-backgroundcolor:rgba(255,255,255,0);--awb-iconcolor:#2176ff;\" class=\"fusion-column content-box-column content-box-column content-box-column-3 col-lg-3 col-md-3 col-sm-3 fusion-content-box-hover \"><div class=\"col content-box-wrapper content-wrapper link-area-box link-type-text icon-hover-animation-pulsate\" data-link=\"mailto:connect@esysco.pl\" data-link-target=\"_self\" data-animationOffset=\"top-mid-of-view\"><div class=\"heading heading-with-icon icon-left\"><a class=\"heading-link\" href=\"mailto:connect@esysco.pl\" target=\"_self\"><div class=\"icon\"><i style=\"border-color:#ffffff;border-width:1px;background-color:#ffffff;box-sizing:content-box;height:76px;width:76px;line-height:76px;border-radius:50%;font-size:38px;\" aria-hidden=\"true\" class=\"fontawesome-icon fa-paper-plane fas circle-yes\"><\/i><\/div><h2 class=\"content-box-heading fusion-responsive-typography-calculated\" style=\"--h2_typography-font-size:20px;--fontSize:20;line-height:1.3;\">connect@esysco.pl<\/h2><\/a><\/div><\/div><\/div><div style=\"--awb-backgroundcolor:rgba(255,255,255,0);--awb-iconcolor:#2176ff;\" class=\"fusion-column content-box-column content-box-column content-box-column-4 col-lg-3 col-md-3 col-sm-3 fusion-content-box-hover content-box-column-last content-box-column-last-in-row\"><div class=\"col content-box-wrapper content-wrapper link-area-box link-type-text icon-hover-animation-pulsate\" data-link=\"https:\/\/www.linkedin.com\/company\/esysco\/\" data-link-target=\"_blank\" data-animationOffset=\"top-mid-of-view\"><div class=\"heading heading-with-icon icon-left\"><a class=\"heading-link\" href=\"https:\/\/www.linkedin.com\/company\/esysco\/\" target=\"_blank\" rel=\"noopener noreferrer\"><div class=\"icon\"><i style=\"border-color:#ffffff;border-width:1px;background-color:#ffffff;box-sizing:content-box;height:76px;width:76px;line-height:76px;border-radius:50%;font-size:38px;\" aria-hidden=\"true\" class=\"fontawesome-icon fa-linkedin-in fab circle-yes\"><\/i><\/div><h2 class=\"content-box-heading fusion-responsive-typography-calculated\" style=\"--h2_typography-font-size:20px;--fontSize:20;line-height:1.3;\">LinkedIn<\/h2><\/a><\/div><\/div><\/div><div class=\"fusion-clearfix\"><\/div><\/div><div class=\"fusion-clearfix\"><\/div><\/div><\/div><\/div><\/div><\/p>\n","protected":false},"excerpt":{"rendered":"","protected":false},"author":10,"featured_media":0,"parent":0,"menu_order":0,"comment_status":"closed","ping_status":"closed","template":"100-width.php","meta":{"inline_featured_image":false,"footnotes":""},"class_list":["post-5361","page","type-page","status-publish","hentry"],"yoast_head":"<!-- This site is optimized with the Yoast SEO plugin v26.7 - https:\/\/yoast.com\/wordpress\/plugins\/seo\/ -->\n<title>KONTAKT - ESYSCO<\/title>\n<meta name=\"description\" content=\"Skontaktuj si\u0119 z nami ju\u017c dzi\u015b! Um\u00f3w si\u0119 na bezp\u0142atne DEMO! connect@esysco.pl | +48 61 646 00 47\" \/>\n<meta name=\"robots\" content=\"index, follow, max-snippet:-1, max-image-preview:large, max-video-preview:-1\" \/>\n<link rel=\"canonical\" href=\"https:\/\/esysco.pl\/pl\/kontakt\/\" \/>\n<meta property=\"og:locale\" content=\"pl_PL\" \/>\n<meta property=\"og:type\" content=\"article\" \/>\n<meta property=\"og:title\" content=\"KONTAKT - ESYSCO\" \/>\n<meta property=\"og:description\" content=\"Skontaktuj si\u0119 z nami ju\u017c dzi\u015b! Um\u00f3w si\u0119 na bezp\u0142atne DEMO! connect@esysco.pl | +48 61 646 00 47\" \/>\n<meta property=\"og:url\" content=\"https:\/\/esysco.pl\/pl\/kontakt\/\" \/>\n<meta property=\"og:site_name\" content=\"ESYSCO\" \/>\n<meta property=\"article:modified_time\" content=\"2021-06-25T08:01:12+00:00\" \/>\n<meta name=\"twitter:card\" content=\"summary_large_image\" \/>\n<meta name=\"twitter:label1\" content=\"Szacowany czas czytania\" \/>\n\t<meta name=\"twitter:data1\" content=\"12 minut\" \/>\n<script type=\"application\/ld+json\" class=\"yoast-schema-graph\">{\"@context\":\"https:\/\/schema.org\",\"@graph\":[{\"@type\":\"WebPage\",\"@id\":\"https:\/\/esysco.pl\/pl\/kontakt\/\",\"url\":\"https:\/\/esysco.pl\/pl\/kontakt\/\",\"name\":\"KONTAKT - ESYSCO\",\"isPartOf\":{\"@id\":\"https:\/\/esysco.pl\/en\/#website\"},\"datePublished\":\"2020-08-10T19:07:41+00:00\",\"dateModified\":\"2021-06-25T08:01:12+00:00\",\"description\":\"Skontaktuj si\u0119 z nami ju\u017c dzi\u015b! Um\u00f3w si\u0119 na bezp\u0142atne DEMO! connect@esysco.pl | +48 61 646 00 47\",\"breadcrumb\":{\"@id\":\"https:\/\/esysco.pl\/pl\/kontakt\/#breadcrumb\"},\"inLanguage\":\"pl-PL\",\"potentialAction\":[{\"@type\":\"ReadAction\",\"target\":[\"https:\/\/esysco.pl\/pl\/kontakt\/\"]}]},{\"@type\":\"BreadcrumbList\",\"@id\":\"https:\/\/esysco.pl\/pl\/kontakt\/#breadcrumb\",\"itemListElement\":[{\"@type\":\"ListItem\",\"position\":1,\"name\":\"Home\",\"item\":\"https:\/\/esysco.pl\/pl\/\"},{\"@type\":\"ListItem\",\"position\":2,\"name\":\"KONTAKT\"}]},{\"@type\":\"WebSite\",\"@id\":\"https:\/\/esysco.pl\/en\/#website\",\"url\":\"https:\/\/esysco.pl\/en\/\",\"name\":\"ESYSCO\",\"description\":\"Solutions for Trusted Services\",\"potentialAction\":[{\"@type\":\"SearchAction\",\"target\":{\"@type\":\"EntryPoint\",\"urlTemplate\":\"https:\/\/esysco.pl\/en\/?s={search_term_string}\"},\"query-input\":{\"@type\":\"PropertyValueSpecification\",\"valueRequired\":true,\"valueName\":\"search_term_string\"}}],\"inLanguage\":\"pl-PL\"}]}<\/script>\n<!-- \/ Yoast SEO plugin. -->","yoast_head_json":{"title":"KONTAKT - ESYSCO","description":"Skontaktuj si\u0119 z nami ju\u017c dzi\u015b! Um\u00f3w si\u0119 na bezp\u0142atne DEMO! connect@esysco.pl | +48 61 646 00 47","robots":{"index":"index","follow":"follow","max-snippet":"max-snippet:-1","max-image-preview":"max-image-preview:large","max-video-preview":"max-video-preview:-1"},"canonical":"https:\/\/esysco.pl\/pl\/kontakt\/","og_locale":"pl_PL","og_type":"article","og_title":"KONTAKT - ESYSCO","og_description":"Skontaktuj si\u0119 z nami ju\u017c dzi\u015b! Um\u00f3w si\u0119 na bezp\u0142atne DEMO! connect@esysco.pl | +48 61 646 00 47","og_url":"https:\/\/esysco.pl\/pl\/kontakt\/","og_site_name":"ESYSCO","article_modified_time":"2021-06-25T08:01:12+00:00","twitter_card":"summary_large_image","twitter_misc":{"Szacowany czas czytania":"12 minut"},"schema":{"@context":"https:\/\/schema.org","@graph":[{"@type":"WebPage","@id":"https:\/\/esysco.pl\/pl\/kontakt\/","url":"https:\/\/esysco.pl\/pl\/kontakt\/","name":"KONTAKT - ESYSCO","isPartOf":{"@id":"https:\/\/esysco.pl\/en\/#website"},"datePublished":"2020-08-10T19:07:41+00:00","dateModified":"2021-06-25T08:01:12+00:00","description":"Skontaktuj si\u0119 z nami ju\u017c dzi\u015b! Um\u00f3w si\u0119 na bezp\u0142atne DEMO! connect@esysco.pl | +48 61 646 00 47","breadcrumb":{"@id":"https:\/\/esysco.pl\/pl\/kontakt\/#breadcrumb"},"inLanguage":"pl-PL","potentialAction":[{"@type":"ReadAction","target":["https:\/\/esysco.pl\/pl\/kontakt\/"]}]},{"@type":"BreadcrumbList","@id":"https:\/\/esysco.pl\/pl\/kontakt\/#breadcrumb","itemListElement":[{"@type":"ListItem","position":1,"name":"Home","item":"https:\/\/esysco.pl\/pl\/"},{"@type":"ListItem","position":2,"name":"KONTAKT"}]},{"@type":"WebSite","@id":"https:\/\/esysco.pl\/en\/#website","url":"https:\/\/esysco.pl\/en\/","name":"ESYSCO","description":"Solutions for Trusted Services","potentialAction":[{"@type":"SearchAction","target":{"@type":"EntryPoint","urlTemplate":"https:\/\/esysco.pl\/en\/?s={search_term_string}"},"query-input":{"@type":"PropertyValueSpecification","valueRequired":true,"valueName":"search_term_string"}}],"inLanguage":"pl-PL"}]}},"_links":{"self":[{"href":"https:\/\/esysco.pl\/pl\/wp-json\/wp\/v2\/pages\/5361","targetHints":{"allow":["GET"]}}],"collection":[{"href":"https:\/\/esysco.pl\/pl\/wp-json\/wp\/v2\/pages"}],"about":[{"href":"https:\/\/esysco.pl\/pl\/wp-json\/wp\/v2\/types\/page"}],"author":[{"embeddable":true,"href":"https:\/\/esysco.pl\/pl\/wp-json\/wp\/v2\/users\/10"}],"replies":[{"embeddable":true,"href":"https:\/\/esysco.pl\/pl\/wp-json\/wp\/v2\/comments?post=5361"}],"version-history":[{"count":8,"href":"https:\/\/esysco.pl\/pl\/wp-json\/wp\/v2\/pages\/5361\/revisions"}],"predecessor-version":[{"id":7004,"href":"https:\/\/esysco.pl\/pl\/wp-json\/wp\/v2\/pages\/5361\/revisions\/7004"}],"wp:attachment":[{"href":"https:\/\/esysco.pl\/pl\/wp-json\/wp\/v2\/media?parent=5361"}],"curies":[{"name":"wp","href":"https:\/\/api.w.org\/{rel}","templated":true}]}}